{"id":202,"date":"2025-03-26T10:32:46","date_gmt":"2025-03-26T09:32:46","guid":{"rendered":"https:\/\/atelierdusiege.be\/?page_id=202"},"modified":"2025-03-26T10:32:46","modified_gmt":"2025-03-26T09:32:46","slug":"nos-magasins-2","status":"publish","type":"page","link":"https:\/\/atelierdusiege.be\/?page_id=202","title":{"rendered":"Nos Magasins"},"content":{"rendered":"\n<div style=\"height:92px\" aria-hidden=\"true\" class=\"wp-block-spacer\"><\/div>\n\n\n\n<h1 class=\"wp-block-heading has-text-align-center\">Nos Magasins<\/h1>\n\n\n\n<div class=\"wp-block-columns is-layout-flex wp-container-core-columns-is-layout-28f84493 wp-block-columns-is-layout-flex\">\n<div class=\"wp-block-column is-vertically-aligned-top is-layout-flow wp-block-column-is-layout-flow\">\n<h3 class=\"wp-block-heading has-text-align-center\">Atelier de Li\u00e8ge<\/h3>\n\n\n\n<p class=\"has-text-align-center\">Du mardi au vendredi, de 10h \u00e0 17h30<\/p>\n\n\n\n<p class=\"has-text-align-center\">Quai de Rome 60<br>4000 Li\u00e8ge<br>Belgique<br><a href=\"https:\/\/www.google.com\/maps?hl=fr&amp;gl=be&amp;um=1&amp;ie=UTF-8&amp;fb=1&amp;sa=X&amp;ftid=0x47c0f9fdb7b6d0e3:0xc272e2ab9e8ec18e\" data-type=\"link\" data-id=\"https:\/\/www.google.com\/maps?hl=fr&amp;gl=be&amp;um=1&amp;ie=UTF-8&amp;fb=1&amp;sa=X&amp;ftid=0x47c0f9fdb7b6d0e3:0xc272e2ab9e8ec18e\">Plan d&rsquo;acc\u00e8s <\/a><\/p>\n\n\n\n<p class=\"has-text-align-center\">T\u00e9l\u00e9phone : 04\/254.21.53<br>Email : <a href=\"mailto:info@atelierdusiege.be\">info@atelierdusiege.be<\/a><\/p>\n<\/div>\n\n\n\n<div class=\"wp-block-column is-layout-flow wp-block-column-is-layout-flow\">\n<h3 class=\"wp-block-heading has-text-align-center\">Atelier de Namur<\/h3>\n\n\n\n<p class=\"has-text-align-center\">Sur rendez-vous uniquement<br><br>Chauss\u00e9e de Nivelles 339<br>5020 Temploux<br>Belgique<br><a href=\"https:\/\/www.google.com\/maps\/place\/Chau.+de+Nivelles+339,+5020+Namur\/@50.4868504,4.7507667,17z\/data=!3m1!4b1!4m6!3m5!1s0x47c19b4e78d189e9:0x5de7a4bc7b5a34a8!8m2!3d50.4868471!4d4.7556376!16s%2Fg%2F11h7kc8b6t?hl=fr&amp;entry=ttu&amp;g_ep=EgoyMDI0MTEwNi4wIKXMDSoASAFQAw%3D%3D\" data-type=\"link\" data-id=\"https:\/\/www.google.com\/maps\/place\/Chau.+de+Nivelles+339,+5020+Namur\/@50.4868504,4.7507667,17z\/data=!3m1!4b1!4m6!3m5!1s0x47c19b4e78d189e9:0x5de7a4bc7b5a34a8!8m2!3d50.4868471!4d4.7556376!16s%2Fg%2F11h7kc8b6t?hl=fr&amp;entry=ttu&amp;g_ep=EgoyMDI0MTEwNi4wIKXMDSoASAFQAw%3D%3D\">Plan d&rsquo;acc\u00e8s<\/a><\/p>\n\n\n\n<p class=\"has-text-align-center\">T\u00e9l\u00e9phone : 0475\/82.14.82<br>Email : <a href=\"mailto:info@atelierdusiege.be\">info@atelierdusiege.be<\/a><\/p>\n<\/div>\n<\/div>\n\n\n\n<p><\/p>\n","protected":false},"excerpt":{"rendered":"<p>Nos Magasins Atelier de Li\u00e8ge Du mardi au vendredi, de 10h \u00e0 17h30 Quai de Rome 604000 Li\u00e8geBelgiquePlan d&rsquo;acc\u00e8s T\u00e9l\u00e9phone [&hellip;]<\/p>\n","protected":false},"author":1,"featured_media":0,"parent":0,"menu_order":0,"comment_status":"closed","ping_status":"closed","template":"","meta":{"site-sidebar-layout":"default","site-content-layout":"","ast-site-content-layout":"","site-content-style":"default","site-sidebar-style":"default","ast-global-header-display":"","ast-banner-title-visibility":"","ast-main-header-display":"","ast-hfb-above-header-display":"","ast-hfb-below-header-display":"","ast-hfb-mobile-header-display":"","site-post-title":"disabled","ast-breadcrumbs-content":"","ast-featured-img":"","footer-sml-layout":"","theme-transparent-header-meta":"","adv-header-id-meta":"","stick-header-meta":"","header-above-stick-meta":"","header-main-stick-meta":"","header-below-stick-meta":"","astra-migrate-meta-layouts":"default","ast-page-background-enabled":"default","ast-page-background-meta":{"desktop":{"background-color":"var(--ast-global-color-4)","background-image":"","background-repeat":"repeat","background-position":"center center","background-size":"auto","background-attachment":"scroll","background-type":"","background-media":"","overlay-type":"","overlay-color":"","overlay-opacity":"","overlay-gradient":""},"tablet":{"background-color":"","background-image":"","background-repeat":"repeat","background-position":"center center","background-size":"auto","background-attachment":"scroll","background-type":"","background-media":"","overlay-type":"","overlay-color":"","overlay-opacity":"","overlay-gradient":""},"mobile":{"background-color":"","background-image":"","background-repeat":"repeat","background-position":"center center","background-size":"auto","background-attachment":"scroll","background-type":"","background-media":"","overlay-type":"","overlay-color":"","overlay-opacity":"","overlay-gradient":""}},"ast-content-background-meta":{"desktop":{"background-color":"var(--ast-global-color-5)","background-image":"","background-repeat":"repeat","background-position":"center center","background-size":"auto","background-attachment":"scroll","background-type":"","background-media":"","overlay-type":"","overlay-color":"","overlay-opacity":"","overlay-gradient":""},"tablet":{"background-color":"var(--ast-global-color-5)","background-image":"","background-repeat":"repeat","background-position":"center center","background-size":"auto","background-attachment":"scroll","background-type":"","background-media":"","overlay-type":"","overlay-color":"","overlay-opacity":"","overlay-gradient":""},"mobile":{"background-color":"var(--ast-global-color-5)","background-image":"","background-repeat":"repeat","background-position":"center center","background-size":"auto","background-attachment":"scroll","background-type":"","background-media":"","overlay-type":"","overlay-color":"","overlay-opacity":"","overlay-gradient":""}},"footnotes":""},"class_list":["post-202","page","type-page","status-publish","hentry"],"_links":{"self":[{"href":"https:\/\/atelierdusiege.be\/index.php?rest_route=\/wp\/v2\/pages\/202","targetHints":{"allow":["GET"]}}],"collection":[{"href":"https:\/\/atelierdusiege.be\/index.php?rest_route=\/wp\/v2\/pages"}],"about":[{"href":"https:\/\/atelierdusiege.be\/index.php?rest_route=\/wp\/v2\/types\/page"}],"author":[{"embeddable":true,"href":"https:\/\/atelierdusiege.be\/index.php?rest_route=\/wp\/v2\/users\/1"}],"replies":[{"embeddable":true,"href":"https:\/\/atelierdusiege.be\/index.php?rest_route=%2Fwp%2Fv2%2Fcomments&post=202"}],"version-history":[{"count":1,"href":"https:\/\/atelierdusiege.be\/index.php?rest_route=\/wp\/v2\/pages\/202\/revisions"}],"predecessor-version":[{"id":205,"href":"https:\/\/atelierdusiege.be\/index.php?rest_route=\/wp\/v2\/pages\/202\/revisions\/205"}],"wp:attachment":[{"href":"https:\/\/atelierdusiege.be\/index.php?rest_route=%2Fwp%2Fv2%2Fmedia&parent=202"}],"curies":[{"name":"wp","href":"https:\/\/api.w.org\/{rel}","templated":true}]}}